{"id":11,"date":"2019-08-03T03:36:29","date_gmt":"2019-08-03T03:36:29","guid":{"rendered":"http:\/\/vampiromix.com\/?page_id=11"},"modified":"2019-08-18T22:16:56","modified_gmt":"2019-08-18T22:16:56","slug":"servicios","status":"publish","type":"page","link":"https:\/\/vampiromix.com\/index.php\/servicios\/","title":{"rendered":"Servicios"},"content":{"rendered":"<body>\n<div class=\"wp-block-media-text alignwide is-stacked-on-mobile\" style=\"grid-template-columns:27% auto\"><figure class=\"wp-block-media-text__media\"><img data-recalc-dims=\"1\" decoding=\"async\" width=\"640\" height=\"320\" src=\"https:\/\/i0.wp.com\/vampiromix.com\/wp-content\/uploads\/2019\/08\/02-1024x512.png?resize=640%2C320\" alt=\"\" class=\"wp-image-29\" loading=\"lazy\"><\/figure><div class=\"wp-block-media-text__content\">\n<p class=\"has-regular-font-size\">\n\nServicios profecinales<br>Maestro de ceremonia<br>Iluminacion Profecional<br>Servicio de DJ<br>Presentacion en Audio &amp; Video\n\n<\/p>\n<\/div><\/div>\n\n\n\n<p><\/p>\n\n\n\n<div class=\"wp-block-media-text alignwide\" style=\"grid-template-columns:27% auto\"><figure class=\"wp-block-media-text__media\"><img data-recalc-dims=\"1\" decoding=\"async\" width=\"640\" height=\"361\" src=\"https:\/\/i0.wp.com\/vampiromix.com\/wp-content\/uploads\/2019\/08\/01.jpg?resize=640%2C361\" alt=\"\" class=\"wp-image-48\" loading=\"lazy\" srcset=\"https:\/\/i0.wp.com\/vampiromix.com\/wp-content\/uploads\/2019\/08\/01.jpg?w=825&amp;ssl=1 825w, https:\/\/i0.wp.com\/vampiromix.com\/wp-content\/uploads\/2019\/08\/01.jpg?resize=300%2C169&amp;ssl=1 300w, https:\/\/i0.wp.com\/vampiromix.com\/wp-content\/uploads\/2019\/08\/01.jpg?resize=768%2C433&amp;ssl=1 768w\" sizes=\"auto, (max-width: 640px) 100vw, 640px\" \/><\/figure><div class=\"wp-block-media-text__content\">\n<p class=\"has-regular-font-size\">Usamos avansados programas <br>para nuestra edicion <br>de Video y Audio <br>en nuestras presentaciones<\/p>\n<\/div><\/div>\n\n\n\n<div class=\"wp-block-media-text alignwide\" style=\"grid-template-columns:28% auto\"><figure class=\"wp-block-media-text__media\"><img data-recalc-dims=\"1\" decoding=\"async\" width=\"640\" height=\"426\" src=\"https:\/\/i0.wp.com\/vampiromix.com\/wp-content\/uploads\/2019\/08\/BANCO-DE-VOCE-2.png?resize=640%2C426\" alt=\"\" class=\"wp-image-105\" loading=\"lazy\" srcset=\"https:\/\/i0.wp.com\/vampiromix.com\/wp-content\/uploads\/2019\/08\/BANCO-DE-VOCE-2.png?w=849&amp;ssl=1 849w, https:\/\/i0.wp.com\/vampiromix.com\/wp-content\/uploads\/2019\/08\/BANCO-DE-VOCE-2.png?resize=300%2C200&amp;ssl=1 300w, https:\/\/i0.wp.com\/vampiromix.com\/wp-content\/uploads\/2019\/08\/BANCO-DE-VOCE-2.png?resize=768%2C511&amp;ssl=1 768w\" sizes=\"auto, (max-width: 640px) 100vw, 640px\" \/><\/figure><div class=\"wp-block-media-text__content\">\n<p class=\"has-regular-font-size\"> Te ayudamos a crear el gui\u00f3n y a elegir <br>la voz m\u00e1s adecuada para tu proyecto. <br>(mensaje para conmutador, locuci\u00f3n,<br> jingle para radio etc.) <br>Cotizaci\u00f3n sin compromiso. <\/p>\n<\/div><\/div>\n<\/body>","protected":false},"excerpt":{"rendered":"<p>Servicios profecinalesMaestro de ceremoniaIluminacion ProfecionalServicio de DJPresentacion en Audio &amp; Video Usamos avansados programas para nuestra edicion de Video y Audio en nuestras presentaciones Te [&hellip;]<\/p>\n","protected":false},"author":1,"featured_media":0,"parent":0,"menu_order":0,"comment_status":"closed","ping_status":"closed","template":"","meta":{"om_disable_all_campaigns":false,"_monsterinsights_skip_tracking":false,"_monsterinsights_sitenote_active":false,"_monsterinsights_sitenote_note":"","_monsterinsights_sitenote_category":0,"footnotes":""},"class_list":["post-11","page","type-page","status-publish","hentry"],"jetpack_sharing_enabled":true,"_links":{"self":[{"href":"https:\/\/vampiromix.com\/index.php\/wp-json\/wp\/v2\/pages\/11","targetHints":{"allow":["GET"]}}],"collection":[{"href":"https:\/\/vampiromix.com\/index.php\/wp-json\/wp\/v2\/pages"}],"about":[{"href":"https:\/\/vampiromix.com\/index.php\/wp-json\/wp\/v2\/types\/page"}],"author":[{"embeddable":true,"href":"https:\/\/vampiromix.com\/index.php\/wp-json\/wp\/v2\/users\/1"}],"replies":[{"embeddable":true,"href":"https:\/\/vampiromix.com\/index.php\/wp-json\/wp\/v2\/comments?post=11"}],"version-history":[{"count":10,"href":"https:\/\/vampiromix.com\/index.php\/wp-json\/wp\/v2\/pages\/11\/revisions"}],"predecessor-version":[{"id":109,"href":"https:\/\/vampiromix.com\/index.php\/wp-json\/wp\/v2\/pages\/11\/revisions\/109"}],"wp:attachment":[{"href":"https:\/\/vampiromix.com\/index.php\/wp-json\/wp\/v2\/media?parent=11"}],"curies":[{"name":"wp","href":"https:\/\/api.w.org\/{rel}","templated":true}]}}